{"id":145,"date":"2015-09-28T16:00:31","date_gmt":"2015-09-28T16:00:31","guid":{"rendered":"http:\/\/plethorathemes.com\/healthx\/?page_id=145"},"modified":"2026-04-15T16:43:59","modified_gmt":"2026-04-15T16:43:59","slug":"home","status":"publish","type":"page","link":"https:\/\/www.ambulanceberrchid.com\/","title":{"rendered":"Home"},"content":{"rendered":"<div class=\"wpb-content-wrapper\"><p>[vc_row full_width=&#8221;0&#8243; full_height=&#8221;0&#8243; row_padding=&#8221;no_padding&#8221; cols_padding=&#8221;no_cols_padding&#8221; elevate=&#8221;elevate&#8221; background=&#8221;transparent&#8221; el_class=&#8221;folded_section&#8221;][vc_column width=&#8221;1\/4&#8243; color_set=&#8221;skincolored_section&#8221; background=&#8221;transparent&#8221; offset=&#8221;vc_col-xs-6&#8243; css=&#8221;.vc_custom_1446619389066{background-color: #088eff !important;}&#8221;]<!-- ========================== TEASER BOX ==========================-->\n<div class=\"teaser_box wpb_content_element text-center  transparent boxed same_height_col    \">\n\n  <div class=\"figure transparent\">\n\n\n\n        \n        \n        \n         <img decoding=\"async\" src=\"https:\/\/www.ambulanceberrchid.com\/wp-content\/uploads\/2015\/09\/icon_tree_white.png\" alt=\"Transport m\u00e9dicalis\u00e9\">   \n\n        \n\n\n  <\/div>\n\n\n\n  <div class=\"content text-center  \">\n    \n    <div class=\"hgroup\">\n       <h4 class=\"neutralize_links\">\n       Transport m\u00e9dicalis\u00e9\n       <\/h4>\n       <p>Patients sous surveillance m\u00e9dicale.<\/p> \n    <\/div>\n\n    \n\n\n  <\/div>\n\n<\/div>\n\n<!-- END======================= TEASER BOX ==========================-->[\/vc_column][vc_column width=&#8221;1\/4&#8243; color_set=&#8221;skincolored_section&#8221; background=&#8221;transparent&#8221; offset=&#8221;vc_col-xs-6&#8243; css=&#8221;.vc_custom_1447875610924{background-color: #269cff !important;}&#8221;]<!-- ========================== TEASER BOX ==========================-->\n<div class=\"teaser_box wpb_content_element text-center  transparent boxed same_height_col    \">\n\n  <div class=\"figure transparent\">\n\n\n\n        \n        \n        \n         <img decoding=\"async\" src=\"https:\/\/www.ambulanceberrchid.com\/wp-content\/uploads\/2015\/09\/icon_med_book_white.png\" alt=\"Transfert h\u00f4pitaux\">   \n\n        \n\n\n  <\/div>\n\n\n\n  <div class=\"content text-center  \">\n    \n    <div class=\"hgroup\">\n       <h4 class=\"neutralize_links\">\n       Transfert h\u00f4pitaux\n       <\/h4>\n       <p>D\u00e9placement entre cliniques et h\u00f4pitaux.<\/p> \n    <\/div>\n\n    \n\n\n  <\/div>\n\n<\/div>\n\n<!-- END======================= TEASER BOX ==========================-->[\/vc_column][vc_column width=&#8221;1\/4&#8243; color_set=&#8221;skincolored_section&#8221; offset=&#8221;vc_col-xs-6&#8243; css=&#8221;.vc_custom_1447875785935{background-color: #45aaff !important;}&#8221;]<!-- ========================== TEASER BOX ==========================-->\n<div class=\"teaser_box wpb_content_element text-center  transparent boxed same_height_col    \">\n\n  <div class=\"figure transparent\">\n\n\n\n        \n        \n        \n         <img decoding=\"async\" src=\"https:\/\/www.ambulanceberrchid.com\/wp-content\/uploads\/2015\/09\/icon_doctor1.png\" alt=\"Mobilit\u00e9 r\u00e9duite\">   \n\n        \n\n\n  <\/div>\n\n\n\n  <div class=\"content text-center  \">\n    \n    <div class=\"hgroup\">\n       <h4 class=\"neutralize_links\">\n       Mobilit\u00e9 r\u00e9duite\n       <\/h4>\n       <p>Transport adapt\u00e9 et s\u00e9curis\u00e9.<\/p> \n    <\/div>\n\n    \n\n\n  <\/div>\n\n<\/div>\n\n<!-- END======================= TEASER BOX ==========================-->[\/vc_column][vc_column width=&#8221;1\/4&#8243; color_set=&#8221;skincolored_section&#8221; background=&#8221;transparent&#8221; offset=&#8221;vc_col-xs-6&#8243; css=&#8221;.vc_custom_1447875797423{background-color: #64b8ff !important;}&#8221;]<!-- ========================== TEASER BOX ==========================-->\n<div class=\"teaser_box wpb_content_element text-center  transparent boxed same_height_col    \">\n\n  <div class=\"figure transparent\">\n\n\n\n        \n        \n        \n         <img decoding=\"async\" src=\"https:\/\/www.ambulanceberrchid.com\/wp-content\/uploads\/2015\/09\/icon_help_desk1.png\" alt=\"Assistance \u00e9v\u00e9nements\">   \n\n        \n\n\n  <\/div>\n\n\n\n  <div class=\"content text-center  \">\n    \n    <div class=\"hgroup\">\n       <h4 class=\"neutralize_links\">\n       Assistance \u00e9v\u00e9nements\n       <\/h4>\n       <p>Pr\u00e9sence sur lieux publics et priv\u00e9s.<\/p> \n    <\/div>\n\n    \n\n\n  <\/div>\n\n<\/div>\n\n<!-- END======================= TEASER BOX ==========================-->[\/vc_column][\/vc_row][vc_row full_width=&#8221;0&#8243; full_height=&#8221;0&#8243; row_padding=&#8221;no_top_padding&#8221; sep_bottom=&#8221;separator_bottom sep_angled_positive_bottom&#8221; particles=&#8221;0&#8243;][vc_column width=&#8221;2\/3&#8243;]<div class=\"section_header subtitle_bottom   fancy text-left\">\n\n    <h2 class=\"\" data-start=\"210\" data-end=\"290\">Ambulance Berrechid Nacerddine Secours \u2013 Service d&#8217;urgence 24h\/24 au Maroc<\/h2>\n\n\n        <p ><\/p>\n<\/div>[vc_column_text]<strong data-start=\"292\" data-end=\"334\">Ambulance Berrechid Nacerddine Secours<\/strong> est un service d\u2019ambulance priv\u00e9 professionnel bas\u00e9 \u00e0 <strong data-start=\"389\" data-end=\"402\">Berrechid<\/strong>, sp\u00e9cialis\u00e9 dans le <strong data-start=\"423\" data-end=\"446\">transport sanitaire<\/strong>, les <strong data-start=\"452\" data-end=\"475\">transferts m\u00e9dicaux<\/strong>, et l\u2019<strong data-start=\"482\" data-end=\"515\">\u00e9vacuation sanitaire au Maroc<\/strong>. Gr\u00e2ce \u00e0 notre \u00e9quipe form\u00e9e et nos v\u00e9hicules m\u00e9dicalis\u00e9s, nous assurons des interventions rapides, s\u00e9curis\u00e9es et efficaces, 7 jours sur 7, 24h sur 24.[\/vc_column_text]<div class=\"plethora_button wpb_content_element   text-left \">\n    <a href=\"tel:+212661199948\" debug class=\" btn btn-primary with-icon icon-left\" title=\"Appelez-nous\"  target=\"_self\">\n\n         <i class=\"fa fa-hospital-o\"><\/i> \n        Appelez-nous maintenant\n        \n\n    <\/a>\n<\/div>[\/vc_column][vc_column width=&#8221;1\/3&#8243; heading_align=&#8221;text-center&#8221; align=&#8221;text-left&#8221; margin=&#8221;margin_bottom_grid&#8221;]<!-- ========================== TEASER BOX ==========================-->\n<div class=\"teaser_box wpb_content_element text-center image_hover skincolored_section    with_button    \">\n\n  <div class=\"figure \">\n\n\n      <a href=\"https:\/\/www.ambulanceberrchid.com\/?p=1\" debug title=\"0666223420\" target=\"\"> \n\n        \n         <div class=\"figure  stretchy_wrapper ratio_16-9\" style=\"background-image:url('https:\/\/www.ambulanceberrchid.com\/wp-content\/uploads\/2025\/04\/doctor_2-scaled.jpg')\"><\/div> \n        \n          \n\n        \n\n    <\/a>\n\n  <\/div>\n\n\n\n  <div class=\"content text-center boxed  with_button \">\n    \n    <div class=\"hgroup\">\n       <h4 class=\"neutralize_links\">\n       Service d\u2019Ambulance Priv\u00e9e 24h\/24 - 7j\/7 \u00e0 Berrechid\n       <\/h4>\n      \n    <\/div>\n\n    \n\n    <div class=\"link centered\">\n        <a href=\"https:\/\/www.ambulanceberrchid.com\/?p=1\" 0666223420 target=\"\" class=\"btn btn-xs btn-danger\"><strong>Appelez-nous maintenant<\/strong><\/a>\n    <\/div>\n\n  <\/div>\n\n<\/div>\n\n<!-- END======================= TEASER BOX ==========================-->[\/vc_column][\/vc_row][vc_row color_set=&#8221;secondary_section&#8221; full_width=&#8221;0&#8243; full_height=&#8221;0&#8243; particles=&#8221;0&#8243;][vc_column]<div class=\"section_header subtitle_bottom   fancy text-left\">\n\n    <h2 class=\"\" data-start=\"674\" data-end=\"727\">Nos services de transport sanitaire \u00e0 Berrechid<\/h2>\n<div id=\"gtx-trans\" style=\"position: absolute; left: 109px; top: 51.9062px;\">\n<div class=\"gtx-trans-icon\"><\/div>\n<\/div>\n\n\n        <p ><\/p>\n<\/div>[\/vc_column][vc_column heading_align=&#8221;text-center&#8221; align=&#8221;text-left&#8221; margin=&#8221;margin_bottom_grid&#8221; offset=&#8221;vc_col-md-8&#8243;][vc_row_inner][vc_column_inner width=&#8221;1\/3&#8243;]<!-- ========================== TEASER BOX ==========================-->\n<div class=\"teaser_box wpb_content_element text-center  light_section    with_button    \">\n\n  <div class=\"figure transparent\">\n\n\n      <a href=\"http:\/\/plethorathemes.com\/healthflex\/departments\/cosmetic-surgery\/\" debug title=\"\" target=\"\"> \n\n        \n         <div class=\"figure transparent stretchy_wrapper ratio_4-3\" style=\"background-image:url('https:\/\/www.ambulanceberrchid.com\/wp-content\/uploads\/2026\/04\/WhatsApp-Image-2026-04-14-at-12.35.34-PM.jpeg')\"><\/div> \n        \n          \n\n        \n\n    <\/a>\n\n  <\/div>\n\n\n\n  <div class=\"content text-center boxed_special  with_button \">\n    \n    <div class=\"hgroup\">\n       <h4 class=\"neutralize_links\">\n       Transport m\u00e9dicalis\u00e9 avec accompagnement professionnel\n       <\/h4>\n      \n    <\/div>\n\n     <div class=\"desc\"><p>Nous assurons le transport de patients n\u00e9cessitant une assistance m\u00e9dicale, que ce soit pour des consultations, des examens, des hospitalisations ou des sorties d\u2019h\u00f4pital. Nos ambulances sont \u00e9quip\u00e9es pour prendre en charge tout type de situation.<\/p><\/div> \n\n    <div class=\"link centered\">\n        <a href=\"http:\/\/plethorathemes.com\/healthflex\/departments\/cosmetic-surgery\/\"  target=\"\" class=\"btn btn-xs btn-primary\"><strong>More<\/strong><\/a>\n    <\/div>\n\n  <\/div>\n\n<\/div>\n\n<!-- END======================= TEASER BOX ==========================-->[\/vc_column_inner][vc_column_inner width=&#8221;1\/3&#8243;]<!-- ========================== TEASER BOX ==========================-->\n<div class=\"teaser_box wpb_content_element text-center  light_section    with_button    \">\n\n  <div class=\"figure transparent\">\n\n\n      <a href=\"http:\/\/plethorathemes.com\/healthflex\/departments\/cosmetic-surgery\/\" debug title=\"\" target=\"\"> \n\n        \n         <div class=\"figure transparent stretchy_wrapper ratio_4-3\" style=\"background-image:url('https:\/\/www.ambulanceberrchid.com\/wp-content\/uploads\/2026\/04\/WhatsApp-Image-2026-04-14-at-12.35.36-PM.jpeg')\"><\/div> \n        \n          \n\n        \n\n    <\/a>\n\n  <\/div>\n\n\n\n  <div class=\"content text-center boxed_special  with_button \">\n    \n    <div class=\"hgroup\">\n       <h4 class=\"neutralize_links\">\n       Transfert inter-hospitalier dans la r\u00e9gion de Casablanca-Settat\n       <\/h4>\n      \n    <\/div>\n\n     <div class=\"desc\"><p>Nous r\u00e9alisons des transferts entre cliniques et h\u00f4pitaux, que ce soit \u00e0 Berrechid, Casablanca, Settat, ou d&#8217;autres villes du Maroc. Notre priorit\u00e9 : un transport rapide, confortable et fiable.<\/p><\/div> \n\n    <div class=\"link centered\">\n        <a href=\"http:\/\/plethorathemes.com\/healthflex\/departments\/cosmetic-surgery\/\"  target=\"\" class=\"btn btn-xs btn-primary\"><strong>More<\/strong><\/a>\n    <\/div>\n\n  <\/div>\n\n<\/div>\n\n<!-- END======================= TEASER BOX ==========================-->[\/vc_column_inner][vc_column_inner width=&#8221;1\/3&#8243;]<!-- ========================== TEASER BOX ==========================-->\n<div class=\"teaser_box wpb_content_element text-center  light_section    with_button    \">\n\n  <div class=\"figure \">\n\n\n      <a href=\"http:\/\/plethorathemes.com\/healthflex\/departments\/cosmetic-surgery\/\" debug title=\"\" target=\"\"> \n\n        \n         <div class=\"figure  stretchy_wrapper ratio_4-3\" style=\"background-image:url('https:\/\/www.ambulanceberrchid.com\/wp-content\/uploads\/2026\/04\/WhatsApp-Image-2026-04-14-at-12PM.jpeg')\"><\/div> \n        \n          \n\n        \n\n    <\/a>\n\n  <\/div>\n\n\n\n  <div class=\"content text-center boxed_special  with_button \">\n    \n    <div class=\"hgroup\">\n       <h4 class=\"neutralize_links\">\n       Transport adapt\u00e9 aux personnes \u00e2g\u00e9es et handicap\u00e9es\n       <\/h4>\n      \n    <\/div>\n\n     <div class=\"desc\"><p>Nous accompagnons les personnes \u00e0 mobilit\u00e9 r\u00e9duite avec respect et bienveillance. Notre mat\u00e9riel adapt\u00e9 permet un d\u00e9placement en toute s\u00e9r\u00e9nit\u00e9 vers les centres m\u00e9dicaux, maisons de retraite ou \u00e0 domicile.<\/p><\/div> \n\n    <div class=\"link centered\">\n        <a href=\"http:\/\/plethorathemes.com\/healthflex\/departments\/cosmetic-surgery\/\"  target=\"\" class=\"btn btn-xs btn-primary\"><strong>More<\/strong><\/a>\n    <\/div>\n\n  <\/div>\n\n<\/div>\n\n<!-- END======================= TEASER BOX ==========================-->[\/vc_column_inner][\/vc_row_inner][\/vc_column][vc_column align=&#8221;text-left&#8221; offset=&#8221;vc_col-md-4&#8243;][vc_text_separator title=&#8221;Intervention rapide \u00e0 Berrechid et dans toute la r\u00e9gion&#8221; title_align=&#8221;separator_align_left&#8221; align=&#8221;align_right&#8221; color=&#8221;black&#8221;][vc_column_text]<\/p>\n<p class=\"\" data-start=\"1885\" data-end=\"1979\">Notre base se trouve \u00e0 <strong data-start=\"1908\" data-end=\"1921\">Berrechid<\/strong>, mais nous intervenons rapidement dans plusieurs villes :<\/p>\n<ul data-start=\"1981\" data-end=\"2167\">\n<li class=\"\" data-start=\"1981\" data-end=\"2005\">\n<p class=\"\" data-start=\"1983\" data-end=\"2005\">Ambulance Casablanca<\/p>\n<\/li>\n<li class=\"\" data-start=\"2006\" data-end=\"2026\">\n<p class=\"\" data-start=\"2008\" data-end=\"2026\">Ambulance Settat<\/p>\n<\/li>\n<li class=\"\" data-start=\"2027\" data-end=\"2050\">\n<p class=\"\" data-start=\"2029\" data-end=\"2050\">Ambulance Bouskoura<\/p>\n<\/li>\n<li class=\"\" data-start=\"2051\" data-end=\"2073\">\n<p class=\"\" data-start=\"2053\" data-end=\"2073\">Ambulance Mediouna<\/p>\n<\/li>\n<li data-start=\"2051\" data-end=\"2073\">Ambulance Nouaceur<\/li>\n<li class=\"\" data-start=\"2074\" data-end=\"2099\">\n<p class=\"\" data-start=\"2076\" data-end=\"2099\">Ambulance Had Soualem<\/p>\n<\/li>\n<li data-start=\"2074\" data-end=\"2099\">Ambulance Sidi Bennour<\/li>\n<li class=\"\" data-start=\"2100\" data-end=\"2123\">\n<p class=\"\" data-start=\"2102\" data-end=\"2123\">Ambulance El Jadida<\/p>\n<\/li>\n<li class=\"\" data-start=\"2124\" data-end=\"2167\">\n<p class=\"\" data-start=\"2126\" data-end=\"2167\">Et dans toute la r\u00e9gion Casablanca-Settat<\/p>\n<\/li>\n<\/ul>\n<div id=\"gtx-trans\" style=\"position: absolute; left: 12px; top: 414px;\">\n<div class=\"gtx-trans-icon\"><\/div>\n<\/div>\n<p>[\/vc_column_text]<div class=\"plethora_button wpb_content_element   text-left btn_block\">\n    <a href=\"tel:+212661199948\" debug class=\" btn btn-primary with-icon icon-left\" title=\"tel:+212661199948\"  target=\"_self\">\n\n         <i class=\"fa fa-sitemap\"><\/i> \n        Appelez-nous\n        \n\n    <\/a>\n<\/div>[\/vc_column][\/vc_row][vc_row color_set=&#8221;light_section&#8221; full_width=&#8221;0&#8243; full_height=&#8221;0&#8243; sep_top=&#8221;separator_top sep_angled_positive_top&#8221; sep_bottom=&#8221;separator_bottom sep_angled_positive_bottom&#8221; particles=&#8221;0&#8243;][vc_column]<div class=\"section_header subtitle_bottom   fancy text-left\">\n\n    <h2 class=\"\" data-start=\"2174\" data-end=\"2220\">Un service de qualit\u00e9, humain et r\u00e9actif<\/h2>\n<div id=\"gtx-trans\" style=\"position: absolute; left: 119px; top: 51.9062px;\">\n<div class=\"gtx-trans-icon\"><\/div>\n<\/div>\n\n\n        <p ><\/p>\n<\/div>[\/vc_column][vc_column heading_align=&#8221;text-center&#8221; align=&#8221;text-left&#8221; margin=&#8221;margin_bottom_grid&#8221; offset=&#8221;vc_col-md-12&#8243;][vc_row_inner][vc_column_inner width=&#8221;1\/4&#8243;]<!-- ========================== TEASER BOX ==========================-->\n<div class=\"teaser_box wpb_content_element text-center  transparent boxed_special same_height_col  with_button    \">\n\n  <div class=\"figure transparent\">\n\n\n      <a href=\"http:\/\/plethorathemes.com\/healthflex\/free-checkup-offer\/\" debug title=\"\" target=\"\"> \n\n        \n        \n        \n         <img decoding=\"async\" src=\"https:\/\/www.ambulanceberrchid.com\/wp-content\/uploads\/2015\/09\/strive-test.png\" alt=\"Personnel qualifi\u00e9\">   \n\n        \n\n    <\/a>\n\n  <\/div>\n\n\n\n  <div class=\"content text-center   with_button \">\n    \n    <div class=\"hgroup\">\n       <h4 class=\"neutralize_links\">\n       Personnel qualifi\u00e9\n       <\/h4>\n       <p>(ambulanciers, brancardiers, infirmiers)<\/p> \n    <\/div>\n\n    \n\n    <div class=\"link centered\">\n        <a href=\"http:\/\/plethorathemes.com\/healthflex\/free-checkup-offer\/\"  target=\"\" class=\"btn btn-xs btn-primary\"><strong>More<\/strong><\/a>\n    <\/div>\n\n  <\/div>\n\n<\/div>\n\n<!-- END======================= TEASER BOX ==========================-->[\/vc_column_inner][vc_column_inner width=&#8221;1\/4&#8243;]<!-- ========================== TEASER BOX ==========================-->\n<div class=\"teaser_box wpb_content_element text-center  transparent boxed_special same_height_col  with_button    \">\n\n  <div class=\"figure transparent\">\n\n\n      <a href=\"http:\/\/plethorathemes.com\/healthflex\/departments\/cosmetic-surgery\/\" debug title=\"\" target=\"\"> \n\n        \n        \n        \n         <img decoding=\"async\" src=\"https:\/\/www.ambulanceberrchid.com\/wp-content\/uploads\/2015\/09\/strive-cardiology.png\" alt=\"V\u00e9hicules modernes\">   \n\n        \n\n    <\/a>\n\n  <\/div>\n\n\n\n  <div class=\"content text-center   with_button \">\n    \n    <div class=\"hgroup\">\n       <h4 class=\"neutralize_links\">\n       V\u00e9hicules modernes\n       <\/h4>\n       <p>avec mat\u00e9riel m\u00e9dical<\/p> \n    <\/div>\n\n    \n\n    <div class=\"link centered\">\n        <a href=\"http:\/\/plethorathemes.com\/healthflex\/departments\/cosmetic-surgery\/\"  target=\"\" class=\"btn btn-xs btn-primary\"><strong>More<\/strong><\/a>\n    <\/div>\n\n  <\/div>\n\n<\/div>\n\n<!-- END======================= TEASER BOX ==========================-->[\/vc_column_inner][vc_column_inner width=&#8221;1\/4&#8243;]<!-- ========================== TEASER BOX ==========================-->\n<div class=\"teaser_box wpb_content_element text-center  transparent boxed_special same_height_col  with_button    \">\n\n  <div class=\"figure transparent\">\n\n\n      <a href=\"http:\/\/plethorathemes.com\/healthflex\/services\/\" debug title=\"\" target=\"\"> \n\n        \n        \n        \n         <img decoding=\"async\" src=\"https:\/\/www.ambulanceberrchid.com\/wp-content\/uploads\/2015\/09\/strive-dna.png\" alt=\"Intervention urgente\">   \n\n        \n\n    <\/a>\n\n  <\/div>\n\n\n\n  <div class=\"content text-center   with_button \">\n    \n    <div class=\"hgroup\">\n       <h4 class=\"neutralize_links\">\n       Intervention urgente\n       <\/h4>\n       <p>ou sur r\u00e9servation<\/p> \n    <\/div>\n\n    \n\n    <div class=\"link centered\">\n        <a href=\"http:\/\/plethorathemes.com\/healthflex\/services\/\"  target=\"\" class=\"btn btn-xs btn-primary\"><strong>More<\/strong><\/a>\n    <\/div>\n\n  <\/div>\n\n<\/div>\n\n<!-- END======================= TEASER BOX ==========================-->[\/vc_column_inner][vc_column_inner width=&#8221;1\/4&#8243;]<!-- ========================== TEASER BOX ==========================-->\n<div class=\"teaser_box wpb_content_element text-center  transparent boxed_special same_height_col  with_button    \">\n\n  <div class=\"figure transparent\">\n\n\n      <a href=\"http:\/\/plethorathemes.com\/healthflex\/services\/\" debug title=\"\" target=\"\"> \n\n        \n        \n        \n         <img decoding=\"async\" src=\"https:\/\/www.ambulanceberrchid.com\/wp-content\/uploads\/2015\/09\/strive-lungs.png\" alt=\"Prix comp\u00e9titifs\">   \n\n        \n\n    <\/a>\n\n  <\/div>\n\n\n\n  <div class=\"content text-center   with_button \">\n    \n    <div class=\"hgroup\">\n       <h4 class=\"neutralize_links\">\n       Prix comp\u00e9titifs\n       <\/h4>\n       <p>et transparence totale<\/p> \n    <\/div>\n\n    \n\n    <div class=\"link centered\">\n        <a href=\"http:\/\/plethorathemes.com\/healthflex\/services\/\"  target=\"\" class=\"btn btn-xs btn-primary\"><strong>More<\/strong><\/a>\n    <\/div>\n\n  <\/div>\n\n<\/div>\n\n<!-- END======================= TEASER BOX ==========================-->[\/vc_column_inner][\/vc_row_inner][vc_gallery type=&#8221;image_grid&#8221; images=&#8221;2186,2185,2183,2182,2181,2180,2146,2170,2174,2175,2247,2246,2245,2244,2243,2242,2233,2235,2236,2239,2238,2240,2232,2230,2231,2228,2237&#8243; css_animation=&#8221;bounceInDown&#8221;][\/vc_column][\/vc_row][vc_row color_set=&#8221;secondary_section&#8221; align=&#8221;text-center&#8221; full_width=&#8221;0&#8243; full_height=&#8221;0&#8243; cols_valign=&#8221;vcenter&#8221; transparent_overlay=&#8221;transparent_film&#8221; background=&#8221;bgimage&#8221; bgimage=&#8221;2239&#8243; parallax=&#8221;0&#8243;][vc_column width=&#8221;1\/2&#8243; align=&#8221;text-center&#8221;]<div class=\"section_header subtitle_bottom   fancy text-center\">\n\n    <h2><strong data-start=\"205\" data-end=\"223\">Appel imm\u00e9diat<\/strong><\/h2>\n\n\n        <p >&#x27a1;&#xfe0f; Besoin d\u2019une ambulance ? Appelez maintenant : 0661-199948<\/p>\n<\/div>[vc_column_text]<\/p>\n<h2 class=\"\" data-start=\"2465\" data-end=\"2508\">Contactez votre ambulance \u00e0 Berrechid<\/h2>\n<p class=\"\" data-start=\"2510\" data-end=\"2669\">Vous avez besoin d\u2019une ambulance en urgence ou souhaitez r\u00e9server un transport ?<br data-start=\"2590\" data-end=\"2593\" \/><strong data-start=\"2593\" data-end=\"2635\">Ambulance Berrechid Nacerddine Secours<\/strong> est \u00e0 votre \u00e9coute \u00e0 tout moment.<\/p>\n<p class=\"\" data-start=\"2671\" data-end=\"2814\"><strong data-start=\"2674\" data-end=\"2725\">Appelez-nous au : <a rel=\"noopener\" data-start=\"2694\" data-end=\"2723\">0661-199948<\/a><\/strong><br data-start=\"2725\" data-end=\"2728\" \/>Ville de Berrechid, Maroc<br data-start=\"2756\" data-end=\"2759\" \/><a rel=\"noopener\" data-start=\"2762\" data-end=\"2792\">contact@ambulanceberrechid.com<\/a> <em data-start=\"2793\" data-end=\"2814\">(\u00e0 cr\u00e9er si besoin)<\/em><\/p>\n<p>[\/vc_column_text][\/vc_column][vc_column width=&#8221;1\/2&#8243;][vc_gmaps link=&#8221;#E-8_JTNDaWZyYW1lJTIwc3JjJTNEJTIyaHR0cHMlM0ElMkYlMkZ3d3cuZ29vZ2xlLmNvbSUyRm1hcHMlMkZlbWJlZCUzRnBiJTNEJTIxMW0yOCUyMTFtMTIlMjExbTMlMjExZDE2NjcuOTczNzM1NTU0MDUyMiUyMTJkLTcuNTg1OTc0MDYxMzE5MjU3NCUyMTNkMzMuMjY3ODY3NDg2MDAyODYlMjEybTMlMjExZjAlMjEyZjAlMjEzZjAlMjEzbTIlMjExaTEwMjQlMjEyaTc2OCUyMTRmMTMuMSUyMTRtMTMlMjEzZTYlMjE0bTUlMjExczB4ZGE2M2NlOGZhMDRjNWNmJTI1M0EweGMxMDQxZTQ4MDg5ZTIwZiUyMTJ6UW1WeWNtVmphR2xrSU5pbzJMSFl0Tm1LMks4JTIxM20yJTIxMWQzMy4yNjg2ODclMjEyZC03LjU4NDMxNzElMjE0bTUlMjExczB4ZGE2M2RhZWIxY2E3MjUxJTI1M0EweGJhN2JiZTgxOThiM2FiZDQlMjEyc0hheSUyNTIwQWwlMjUyMElyYWtpYSUyNTIwUkRDJTI1MjBNYWdhc2luJTI1MkMlMjUyME4lMjVDMiUyNUIwJTI1MjA2NCUyNTIwUnVlJTI1MjBkZSUyNTIwQmV5cm91dGglMjVEOCUyNThDJTI1MjBCZXJyZWNoaWQlMjUyMDI2MTAwJTIxM20yJTIxMWQzMy4yNjc2NDg2OTk5OTk5OTUlMjEyZC03LjU4NjA1MDk5OTk5OTk5OSUyMTVlMCUyMTNtMiUyMTFzZnIlMjEyc21hJTIxNHYxNzQ1MjMzOTcyMzMzJTIxNW0yJTIxMXNmciUyMTJzbWElMjIlMjB3aWR0aCUzRCUyMjYwMCUyMiUyMGhlaWdodCUzRCUyMjQ1MCUyMiUyMHN0eWxlJTNEJTIyYm9yZGVyJTNBMCUzQiUyMiUyMGFsbG93ZnVsbHNjcmVlbiUzRCUyMiUyMiUyMGxvYWRpbmclM0QlMjJsYXp5JTIyJTIwcmVmZXJyZXJwb2xpY3klM0QlMjJuby1yZWZlcnJlci13aGVuLWRvd25ncmFkZSUyMiUzRSUzQyUyRmlmcmFtZSUzRQ==&#8221;][\/vc_column][\/vc_row]<\/p>\n<\/div>","protected":false},"excerpt":{"rendered":"<p>[vc_row full_width=&#8221;0&#8243; full_height=&#8221;0&#8243; row_padding=&#8221;no_padding&#8221; cols_padding=&#8221;no_cols_padding&#8221; elevate=&#8221;elevate&#8221; background=&#8221;transparent&#8221; el_class=&#8221;folded_section&#8221;][vc_column width=&#8221;1\/4&#8243; color_set=&#8221;skincolored_section&#8221; background=&#8221;transparent&#8221; offset=&#8221;vc_col-xs-6&#8243; css=&#8221;.vc_custom_1446619389066{background-color: #088eff !important;}&#8221;][\/vc_column][vc_column width=&#8221;1\/4&#8243; color_set=&#8221;skincolored_section&#8221; background=&#8221;transparent&#8221; offset=&#8221;vc_col-xs-6&#8243; css=&#8221;.vc_custom_1447875610924{background-color: #269cff !important;}&#8221;][\/vc_column][vc_column width=&#8221;1\/4&#8243; color_set=&#8221;skincolored_section&#8221; offset=&#8221;vc_col-xs-6&#8243; css=&#8221;.vc_custom_1447875785935{background-color: #45aaff !important;}&#8221;][\/vc_column][vc_column width=&#8221;1\/4&#8243; color_set=&#8221;skincolored_section&#8221; background=&#8221;transparent&#8221; offset=&#8221;vc_col-xs-6&#8243; css=&#8221;.vc_custom_1447875797423{background-color: #64b8ff !important;}&#8221;][\/vc_column][\/vc_row][vc_row full_width=&#8221;0&#8243; full_height=&#8221;0&#8243; row_padding=&#8221;no_top_padding&#8221; sep_bottom=&#8221;separator_bottom sep_angled_positive_bottom&#8221; particles=&#8221;0&#8243;][vc_column width=&#8221;2\/3&#8243;][vc_column_text]Ambulance Berrechid Nacerddine Secours est un service d\u2019ambulance priv\u00e9 professionnel bas\u00e9 \u00e0 Berrechid, sp\u00e9cialis\u00e9 [&hellip;]<\/p>\n","protected":false},"author":1,"featured_media":0,"parent":0,"menu_order":0,"comment_status":"closed","ping_status":"closed","template":"","meta":{"footnotes":""},"class_list":["post-145","page","type-page","status-publish","hentry"],"_links":{"self":[{"href":"https:\/\/www.ambulanceberrchid.com\/index.php?rest_route=\/wp\/v2\/pages\/145","targetHints":{"allow":["GET"]}}],"collection":[{"href":"https:\/\/www.ambulanceberrchid.com\/index.php?rest_route=\/wp\/v2\/pages"}],"about":[{"href":"https:\/\/www.ambulanceberrchid.com\/index.php?rest_route=\/wp\/v2\/types\/page"}],"author":[{"embeddable":true,"href":"https:\/\/www.ambulanceberrchid.com\/index.php?rest_route=\/wp\/v2\/users\/1"}],"replies":[{"embeddable":true,"href":"https:\/\/www.ambulanceberrchid.com\/index.php?rest_route=%2Fwp%2Fv2%2Fcomments&post=145"}],"version-history":[{"count":47,"href":"https:\/\/www.ambulanceberrchid.com\/index.php?rest_route=\/wp\/v2\/pages\/145\/revisions"}],"predecessor-version":[{"id":2252,"href":"https:\/\/www.ambulanceberrchid.com\/index.php?rest_route=\/wp\/v2\/pages\/145\/revisions\/2252"}],"wp:attachment":[{"href":"https:\/\/www.ambulanceberrchid.com\/index.php?rest_route=%2Fwp%2Fv2%2Fmedia&parent=145"}],"curies":[{"name":"wp","href":"https:\/\/api.w.org\/{rel}","templated":true}]}}